{"id":69,"date":"2014-01-22T20:13:06","date_gmt":"2014-01-22T19:13:06","guid":{"rendered":"http:\/\/bmw-baur-tc-club.de\/WP\/?page_id=69"},"modified":"2014-01-22T20:17:46","modified_gmt":"2014-01-22T19:17:46","slug":"historie","status":"publish","type":"page","link":"https:\/\/bmw-baur-tc-club.de\/WP\/historie\/","title":{"rendered":"Historie"},"content":{"rendered":"<div>\n<h1>Entwicklungsgeschichte der Firma Karosserie BAUR GmbH, Stuttgart<\/h1>\n<table border=\"0\" cellspacing=\"0\" cellpadding=\"0\">\n<tbody>\n<tr valign=\"top\">\n<td>1910<\/td>\n<td>Firmengr\u00fcndung<\/td>\n<\/tr>\n<tr valign=\"top\">\n<td>1910 &#8211; 1927<\/td>\n<td>Anfertigung von Einzelaufbauten und Durchf\u00fchrung von Reparaturarbeiten.<\/td>\n<\/tr>\n<tr valign=\"top\">\n<td>1927 &#8211; 1935<\/td>\n<td>Entwicklung und Fertigung von Kleinserien f\u00fcr die Fa. WANDERER (Cabriolets verschiedener Typen).<\/td>\n<\/tr>\n<tr valign=\"top\">\n<td>1929 &#8211; 1939<\/td>\n<td>Entwicklung und Fertigung von HORCH PULLMANN Cabriolets verschiedener Typen.<\/td>\n<\/tr>\n<tr valign=\"top\">\n<td>1936 &#8211; 1941<\/td>\n<td>Entwicklung und Fertigung von 4-sitzigen und 2-sitzigen Luxus-Cabriolets f\u00fcr DKW F5, F7 und F8.<\/td>\n<\/tr>\n<tr valign=\"top\">\n<td>1939 &#8211; 1945<\/td>\n<td>Werkstattaufbauten, Operationswagen und verschiedene Anh\u00e4nger.<\/td>\n<\/tr>\n<tr valign=\"top\">\n<td>1945 &#8211; 1950<\/td>\n<td>Wiederaufbau der durch Kriegsereignisse total zerst\u00f6rten Werksanlagen. In dieser Phase wurden haupts\u00e4chlich Reparaturarbeiten an Fahrzeugen durchgef\u00fchrt.<\/td>\n<\/tr>\n<tr valign=\"top\">\n<td>1950 &#8211; 1952<\/td>\n<td>Entwicklung und Fertigung von DKW-Karosserien als Limousine und Cabriolet f\u00fcr die Auto Union.<\/td>\n<\/tr>\n<tr valign=\"top\">\n<td>1950 &#8211; 1953<\/td>\n<td>Entwicklung und Fertigung von Komplettfahrzeugen des Typs DYNA VERITAS unter Verwendung von Fahrgestellen und Motoren der Firma Panhard, Paris.<\/td>\n<\/tr>\n<tr valign=\"top\">\n<td>1953 &#8211; 1956<\/td>\n<td>Fertigung von Limousinenkarosserien f\u00fcr den BMW Typ 501 sowie Entwicklung und Fertigung von Coup\u00e9- wie auch zwei- und viert\u00fcrigen Cabrioletkarosserien f\u00fcr die BMW Typen 501 und 502.<\/td>\n<\/tr>\n<tr valign=\"top\">\n<td>1956 &#8211; 1957<\/td>\n<td>Entwicklung und Fertigung von kompletten 4-sitzigen Kleinwagenkarosserien f\u00fcr die Firma Maico.<\/td>\n<\/tr>\n<tr valign=\"top\">\n<td>1957 &#8211; 1965<\/td>\n<td>Entwicklung und Fertigung von Coup\u00e9- und Roadster-Karosserien f\u00fcr die Firma Auto Union f\u00fcr den Typ Auto Union 1000 SP.<\/td>\n<\/tr>\n<tr valign=\"top\">\n<td>1961 &#8211; 1963<\/td>\n<td>Rohbau des BMW 700 LS Coupe und BMW 700 Cabrio.<\/td>\n<\/tr>\n<tr valign=\"top\">\n<td>1967 &#8211; 1975<\/td>\n<td>Entwicklung und Fertigung von Cabriolet-Karosserien f\u00fcr die BMW Typen 1600 und 2002.<\/td>\n<\/tr>\n<tr valign=\"top\">\n<td>1973 &#8211; 1979<\/td>\n<td>Entwicklung und Fertigung von Komplettfahrzeugen des Bitter CD, einem Luxuscoupe auf Basis des Opel Diplomat.<\/td>\n<\/tr>\n<tr valign=\"top\">\n<td>1976 &#8211; 1978<\/td>\n<td>Entwicklung und Fertigung des Kadett Aero f\u00fcr die Firma Opel.<\/td>\n<\/tr>\n<tr valign=\"top\">\n<td>1978 &#8211; 1982<\/td>\n<td>Entwicklung und Fertigung von Cabriolet-Karosserien f\u00fcr die BMW 3er Baureihe e21.<\/td>\n<\/tr>\n<tr valign=\"top\">\n<td>1978 &#8211; 1987<\/td>\n<td>Endmontage und Fertigstellung des BMW M1.<\/td>\n<\/tr>\n<tr valign=\"top\">\n<td>1978 &#8211; 1987<\/td>\n<td>Fertigung von Sicherheitsfahrzeugen der BMW 7er Reihe.<\/td>\n<\/tr>\n<tr valign=\"top\">\n<td>1983 &#8211; 1991<\/td>\n<td>Entwicklung und Fertigung des BAUR TOPCABRIOLET auf Basis der BMW 3er Reihe e30.<\/td>\n<\/tr>\n<tr valign=\"top\">\n<td>1980 &#8211; 1991<\/td>\n<td>Fertigung von Schwei\u00dfgruppen f\u00fcr den Audi quattro.<\/td>\n<\/tr>\n<tr valign=\"top\">\n<td>1984<\/td>\n<td>Fertigung von Rohbaukarossen f\u00fcr den Audi quattro kurz.<\/td>\n<\/tr>\n<tr valign=\"top\">\n<td>1985 &#8211; 1988<\/td>\n<td>Fertigung von Rohbaukarossen f\u00fcr den Porsche 959.<\/td>\n<\/tr>\n<tr valign=\"top\">\n<td>1988 &#8211; 1991<\/td>\n<td>Fertigung\u00b4von Rohbaukarossen f\u00fcr den BMW Z1.<\/td>\n<\/tr>\n<tr valign=\"top\">\n<td>1950 &#8211; 1999<\/td>\n<td>Entwicklung und Fertigung von Prototypen und Serien.<\/td>\n<\/tr>\n<tr valign=\"top\">\n<td>1992-15.11.1996<\/td>\n<td>Entwicklung und Fertigung des BAUR TOPCABRIOLET auf Basis der BMW 3er Reihe e36 (viert\u00fcrig).<\/td>\n<\/tr>\n<\/tbody>\n<\/table>\n<\/div>\n","protected":false},"excerpt":{"rendered":"<p>Entwicklungsgeschichte der Firma Karosserie BAUR GmbH, Stuttgart 1910 Firmengr\u00fcndung 1910 &#8211; 1927 Anfertigung von Einzelaufbauten und Durchf\u00fchrung von Reparaturarbeiten. 1927 &#8211; 1935 Entwicklung und Fertigung von Kleinserien f\u00fcr die Fa. WANDERER (Cabriolets verschiedener Typen). 1929 &#8211; 1939 Entwicklung und Fertigung &hellip; <a href=\"https:\/\/bmw-baur-tc-club.de\/WP\/historie\/\">Weiterlesen <span class=\"meta-nav\">&rarr;<\/span><\/a><\/p>\n","protected":false},"author":1,"featured_media":0,"parent":0,"menu_order":0,"comment_status":"closed","ping_status":"closed","template":"full-width-page.php","meta":{"footnotes":""},"class_list":["post-69","page","type-page","status-publish","hentry"],"_links":{"self":[{"href":"https:\/\/bmw-baur-tc-club.de\/WP\/wp-json\/wp\/v2\/pages\/69","targetHints":{"allow":["GET"]}}],"collection":[{"href":"https:\/\/bmw-baur-tc-club.de\/WP\/wp-json\/wp\/v2\/pages"}],"about":[{"href":"https:\/\/bmw-baur-tc-club.de\/WP\/wp-json\/wp\/v2\/types\/page"}],"author":[{"embeddable":true,"href":"https:\/\/bmw-baur-tc-club.de\/WP\/wp-json\/wp\/v2\/users\/1"}],"replies":[{"embeddable":true,"href":"https:\/\/bmw-baur-tc-club.de\/WP\/wp-json\/wp\/v2\/comments?post=69"}],"version-history":[{"count":5,"href":"https:\/\/bmw-baur-tc-club.de\/WP\/wp-json\/wp\/v2\/pages\/69\/revisions"}],"predecessor-version":[{"id":74,"href":"https:\/\/bmw-baur-tc-club.de\/WP\/wp-json\/wp\/v2\/pages\/69\/revisions\/74"}],"wp:attachment":[{"href":"https:\/\/bmw-baur-tc-club.de\/WP\/wp-json\/wp\/v2\/media?parent=69"}],"curies":[{"name":"wp","href":"https:\/\/api.w.org\/{rel}","templated":true}]}}