{"id":4415,"date":"2014-04-09T22:34:27","date_gmt":"2014-04-09T21:34:27","guid":{"rendered":"http:\/\/bmw-baur-tc-club.de\/WP\/?page_id=4415"},"modified":"2025-01-29T19:00:55","modified_gmt":"2025-01-29T18:00:55","slug":"shop-bestellung","status":"publish","type":"page","link":"https:\/\/bmw-baur-tc-club.de\/WP\/shop\/shop-bestellung\/","title":{"rendered":"Shop Bestellung"},"content":{"rendered":"<p>So k\u00f6nnen Sie bei uns bestellen: Schreiben Sie uns eine E-Mail mit Ihrer Bestellung an<\/p>\n<p><a href=\"mailto:shop@bmw-baur-tc-club.de\">shop@bmw-baur-tc-club.de<\/a><\/p>\n<p><script>\/\/ <![CDATA[ (function(){var ml=\"hi>dr\\\"n\/al<=mcso .ue-kfp@b:wt\",mi=\":8@=98>>;5<819L?D916E5@04CF;5<819L?J>0?GHI<KDI8B4DL=D=9BIA3C5@2>0?GHI<KDI8B4DL=D=9BIA3C:782\",o=\"\";for(var j=0,l=mi.length;j<l;j++){o+=ml.charAt(mi.charCodeAt(j)-48);}document.write(o);}()); \/\/ ]]><\/script><\/p>\n<p><noscript>*protected email*<\/noscript>Mit der Bestellbest\u00e4tigung erhalten Sie die Bankverbindung zum Clubkonto.<\/p>\n<p>Versandkosten:<\/p>\n<p>Aufkleber (Brief) 0,95 \u20ac; (Einwurf-Einschreiben) 3,30 \u20ac<br \/>\nkleine Artikel (Maxibrief) 2,50 \u20ac<br \/>\ngr\u00f6\u00dfere Artikel (P\u00e4ckchen) 5,50 \u20ac<br \/>\nversicherter Versand (Postpaket) 6,90 \u20ac<\/p>\n<p><b>Bei Sammelbestellungen werden die Versandkosten individuell berechnet.<\/b><\/p>\n<p>Bitte geben Sie an, wenn Sie versicherten Versand w\u00fcnschen!<\/p>\n<p>Versandkosten ins Ausland bitte anfragen!<\/p>\n<p>Nach Zahlungseingang wird die Ware versendet<\/p>\n","protected":false},"excerpt":{"rendered":"<p>So k\u00f6nnen Sie bei uns bestellen: Schreiben Sie uns eine E-Mail mit Ihrer Bestellung an shop@bmw-baur-tc-club.de *protected email*Mit der Bestellbest\u00e4tigung erhalten Sie die Bankverbindung zum Clubkonto. Versandkosten: Aufkleber (Brief) 0,95 \u20ac; (Einwurf-Einschreiben) 3,30 \u20ac kleine Artikel (Maxibrief) 2,50 \u20ac gr\u00f6\u00dfere &hellip; <a href=\"https:\/\/bmw-baur-tc-club.de\/WP\/shop\/shop-bestellung\/\">Weiterlesen <span class=\"meta-nav\">&rarr;<\/span><\/a><\/p>\n","protected":false},"author":1,"featured_media":0,"parent":4459,"menu_order":0,"comment_status":"closed","ping_status":"closed","template":"full-width-page.php","meta":{"footnotes":""},"class_list":["post-4415","page","type-page","status-publish","hentry"],"_links":{"self":[{"href":"https:\/\/bmw-baur-tc-club.de\/WP\/wp-json\/wp\/v2\/pages\/4415","targetHints":{"allow":["GET"]}}],"collection":[{"href":"https:\/\/bmw-baur-tc-club.de\/WP\/wp-json\/wp\/v2\/pages"}],"about":[{"href":"https:\/\/bmw-baur-tc-club.de\/WP\/wp-json\/wp\/v2\/types\/page"}],"author":[{"embeddable":true,"href":"https:\/\/bmw-baur-tc-club.de\/WP\/wp-json\/wp\/v2\/users\/1"}],"replies":[{"embeddable":true,"href":"https:\/\/bmw-baur-tc-club.de\/WP\/wp-json\/wp\/v2\/comments?post=4415"}],"version-history":[{"count":14,"href":"https:\/\/bmw-baur-tc-club.de\/WP\/wp-json\/wp\/v2\/pages\/4415\/revisions"}],"predecessor-version":[{"id":6748,"href":"https:\/\/bmw-baur-tc-club.de\/WP\/wp-json\/wp\/v2\/pages\/4415\/revisions\/6748"}],"up":[{"embeddable":true,"href":"https:\/\/bmw-baur-tc-club.de\/WP\/wp-json\/wp\/v2\/pages\/4459"}],"wp:attachment":[{"href":"https:\/\/bmw-baur-tc-club.de\/WP\/wp-json\/wp\/v2\/media?parent=4415"}],"curies":[{"name":"wp","href":"https:\/\/api.w.org\/{rel}","templated":true}]}}