{"id":3919,"date":"2014-01-27T18:07:14","date_gmt":"2014-01-27T17:07:14","guid":{"rendered":"http:\/\/bmw-baur-tc-club.de\/WP\/?page_id=3919"},"modified":"2023-03-05T15:28:14","modified_gmt":"2023-03-05T14:28:14","slug":"kaufberatung","status":"publish","type":"page","link":"https:\/\/bmw-baur-tc-club.de\/WP\/kaufberatung\/","title":{"rendered":"Kaufberatung"},"content":{"rendered":"<p><a href=\"http:\/\/bmw-baur-tc-club.de\/WP\/wp-content\/uploads\/2014\/01\/tc1.jpg\"><img loading=\"lazy\" decoding=\"async\" class=\"alignleft size-full wp-image-3921\" src=\"http:\/\/bmw-baur-tc-club.de\/WP\/wp-content\/uploads\/2014\/01\/tc1.jpg\" alt=\"tc1\" width=\"120\" height=\"69\"><\/a>&#8212; in Vorbereitung &#8212;<\/p>\n<p>&nbsp;<\/p>\n<p><a href=\"http:\/\/bmw-baur-tc-club.de\/WP\/wp-content\/uploads\/2014\/01\/tc2.jpg\"><img loading=\"lazy\" decoding=\"async\" class=\"alignleft size-full wp-image-3922\" src=\"http:\/\/bmw-baur-tc-club.de\/WP\/wp-content\/uploads\/2014\/01\/tc2.jpg\" alt=\"tc2\" width=\"120\" height=\"69\"><\/a>&#8212; in Vorbereitung &#8212;<\/p>\n<p>&nbsp;<\/p>\n<p><a href=\"http:\/\/bmw-baur-tc-club.de\/WP\/wp-content\/uploads\/2014\/01\/tc3.jpg\"><img loading=\"lazy\" decoding=\"async\" class=\"alignleft size-full wp-image-3923\" src=\"http:\/\/bmw-baur-tc-club.de\/WP\/wp-content\/uploads\/2014\/01\/tc3.jpg\" alt=\"tc3\" width=\"120\" height=\"69\"><\/a>&#8212; nur Prototyp, daher keine Kaufberatung &#8212;<\/p>\n<p>&nbsp;<\/p>\n<p><a href=\"http:\/\/bmw-baur-tc-club.de\/WP\/wp-content\/uploads\/2014\/01\/tc4.jpg\"><img loading=\"lazy\" decoding=\"async\" class=\"alignleft size-full wp-image-3924\" src=\"http:\/\/bmw-baur-tc-club.de\/WP\/wp-content\/uploads\/2014\/01\/tc4.jpg\" alt=\"tc4\" width=\"120\" height=\"69\"><\/a><a title=\"TC4-Kaufberatung\" href=\"http:\/\/bmw-baur-tc-club.de\/WP\/kaufberatung\/tc4-kaufberatung\/\">Kaufberatung TC4<\/a><\/p>\n<p>&nbsp;<\/p>\n<p style=\"text-align: justify;\">F\u00fcr Links auf andere Seiten im Internet gilt, dass wir keinerlei Einflu\u00df auf die Gestaltung und die Inhalte der gelinkten Seiten haben. Deshalb distanzieren wir uns hiermit ausdr\u00fccklich von allen Inhalten aller gelinkten Seiten dieser Webseite.<\/p>\n","protected":false},"excerpt":{"rendered":"<p>&#8212; in Vorbereitung &#8212; &nbsp; &#8212; in Vorbereitung &#8212; &nbsp; &#8212; nur Prototyp, daher keine Kaufberatung &#8212; &nbsp; Kaufberatung TC4 &nbsp; F\u00fcr Links auf andere Seiten im Internet gilt, dass wir keinerlei Einflu\u00df auf die Gestaltung und die Inhalte der &hellip; <a href=\"https:\/\/bmw-baur-tc-club.de\/WP\/kaufberatung\/\">Weiterlesen <span class=\"meta-nav\">&rarr;<\/span><\/a><\/p>\n","protected":false},"author":1,"featured_media":0,"parent":0,"menu_order":0,"comment_status":"closed","ping_status":"closed","template":"full-width-page.php","meta":{"footnotes":""},"class_list":["post-3919","page","type-page","status-publish","hentry"],"_links":{"self":[{"href":"https:\/\/bmw-baur-tc-club.de\/WP\/wp-json\/wp\/v2\/pages\/3919","targetHints":{"allow":["GET"]}}],"collection":[{"href":"https:\/\/bmw-baur-tc-club.de\/WP\/wp-json\/wp\/v2\/pages"}],"about":[{"href":"https:\/\/bmw-baur-tc-club.de\/WP\/wp-json\/wp\/v2\/types\/page"}],"author":[{"embeddable":true,"href":"https:\/\/bmw-baur-tc-club.de\/WP\/wp-json\/wp\/v2\/users\/1"}],"replies":[{"embeddable":true,"href":"https:\/\/bmw-baur-tc-club.de\/WP\/wp-json\/wp\/v2\/comments?post=3919"}],"version-history":[{"count":30,"href":"https:\/\/bmw-baur-tc-club.de\/WP\/wp-json\/wp\/v2\/pages\/3919\/revisions"}],"predecessor-version":[{"id":6464,"href":"https:\/\/bmw-baur-tc-club.de\/WP\/wp-json\/wp\/v2\/pages\/3919\/revisions\/6464"}],"wp:attachment":[{"href":"https:\/\/bmw-baur-tc-club.de\/WP\/wp-json\/wp\/v2\/media?parent=3919"}],"curies":[{"name":"wp","href":"https:\/\/api.w.org\/{rel}","templated":true}]}}